{"id":92,"date":"2023-09-06T13:08:03","date_gmt":"2023-09-06T11:08:03","guid":{"rendered":"https:\/\/twojpieknyusmiech.pl\/?page_id=92"},"modified":"2023-09-06T13:09:09","modified_gmt":"2023-09-06T11:09:09","slug":"klauzula-informacyjna-do-formularza-kontaktowego-iq-dental","status":"publish","type":"page","link":"https:\/\/twojpieknyusmiech.pl\/index.php\/klauzula-informacyjna-do-formularza-kontaktowego-iq-dental\/","title":{"rendered":"Klauzula informacyjna do formularza kontaktowego IQ Dental:"},"content":{"rendered":"\t\t<div data-elementor-type=\"wp-page\" data-elementor-id=\"92\" class=\"elementor elementor-92\">\n\t\t\t\t\t\t\t\t\t<section class=\"elementor-section elementor-top-section elementor-element elementor-element-548d795 elementor-section-boxed elementor-section-height-default elementor-section-height-default\" data-id=\"548d795\" data-element_type=\"section\" data-settings=\"{&quot;background_background&quot;:&quot;classic&quot;}\">\n\t\t\t\t\t\t<div class=\"elementor-container elementor-column-gap-default\">\n\t\t\t\t\t<div class=\"elementor-column elementor-col-100 elementor-top-column elementor-element elementor-element-d9ca2b9\" data-id=\"d9ca2b9\" data-element_type=\"column\">\n\t\t\t<div class=\"elementor-widget-wrap elementor-element-populated\">\n\t\t\t\t\t\t\t\t<div class=\"elementor-element elementor-element-13c509c elementor-widget elementor-widget-text-editor\" data-id=\"13c509c\" data-element_type=\"widget\" data-widget_type=\"text-editor.default\">\n\t\t\t\t<div class=\"elementor-widget-container\">\n\t\t\t<style>\/*! elementor - v3.15.0 - 20-08-2023 *\/\n.elementor-widget-text-editor.elementor-drop-cap-view-stacked .elementor-drop-cap{background-color:#69727d;color:#fff}.elementor-widget-text-editor.elementor-drop-cap-view-framed .elementor-drop-cap{color:#69727d;border:3px solid;background-color:transparent}.elementor-widget-text-editor:not(.elementor-drop-cap-view-default) .elementor-drop-cap{margin-top:8px}.elementor-widget-text-editor:not(.elementor-drop-cap-view-default) .elementor-drop-cap-letter{width:1em;height:1em}.elementor-widget-text-editor .elementor-drop-cap{float:left;text-align:center;line-height:1;font-size:50px}.elementor-widget-text-editor .elementor-drop-cap-letter{display:inline-block}<\/style>\t\t\t\t<h3><strong>Klauzula informacyjna do formularza kontaktowego IQ Dental:<\/strong><\/h3><p>\u00a0<\/p><p><span style=\"font-weight: 400;\">W zwi\u0105zku z art. 13 ust. 1 i 2 Rozporz\u0105dzenia Parlamentu Europejskiego i Rady (EU) 2016\/679 z dnia 27 kwietnia 2016 roku w sprawie ochrony os\u00f3b fizycznych w zwi\u0105zku z przetwarzaniem danych osobowych i w sprawie swobodnego przep\u0142ywu takich danych oraz uchylenia dyrektywy 95\/46\/WE (zwane dalej: RODO) informuj\u0119 , i\u017c:\u00a0<\/span><\/p><ol><li><span style=\"font-weight: 400;\"> Administratorem Pani\/Pana danych osobowych podanych w formularzu aplikacji IQ Dental\u00a0 jest Administratorem Pani\/Pana Danych Osobowych jest BA\u0143CZYK STOMATOLOGIA \u0141ukasz Ba\u0144czyk Specjalistyczna Praktyka Stomatologiczna ,ul. Jana Kili\u0144skiego 166,42-218 Cz\u0119stochowa, tel.: 609-564-455, NIP: 6381632940,Regon: 24147499000062,\u00a0<\/span>W-24 000000241631, e-mail info@banczykstomatologia.pl\u00a0<\/li><\/ol><ol start=\"2\"><li><span style=\"font-weight: 400;\"> Podstaw\u0105 prawn\u0105 przetwarzania danych osobowych jest prawnie uzasadniony interes Administratora, jakim jest w\u0142a\u015bciwa obs\u0142uga pacjent\u00f3w, w tym umo\u017cliwienie rejestrowania si\u0119 pacjent\u00f3w na wybrany przez siebie termin\u00a0 (art. 6 ust. 1 lit. f RODO).<\/span><\/li><li><span style=\"font-weight: 400;\"> Dane osobowe b\u0119d\u0105 przechowywane przez okres niezb\u0119dny do wyznaczenia terminu wizyty, a po tym okresie przez czas, w kt\u00f3rym przepisy prawa nakazuj\u0105 przechowanie danych lub przez okres przedawnienia ewentualnych roszcze\u0144.<\/span><\/li><li><span style=\"font-weight: 400;\"> Odbiorcami Pani\/a danych osobowych mog\u0105 by\u0107 podmioty, kt\u00f3re uprawnione s\u0105 do ich otrzymania na mocy przepis\u00f3w prawa. Ponadto Pani\/Pana dane mog\u0105 by\u0107 udost\u0119pnione firmom zapewniaj\u0105cym wsparcie informatyczne, techniczne, wsparcie w zakresie hostingu, obs\u0142ugi administracyjnej, obs\u0142ugi prawnej lub doradczej.<\/span><\/li><li><span style=\"font-weight: 400;\"> Podanie danych osobowych jest niezb\u0119dne do wyznaczenia terminu wizyty. Konsekwencj\u0105 niepodania danych jest brak mo\u017cliwo\u015bci um\u00f3wienia pacjenta na wizyt\u0119.<\/span><\/li><li><span style=\"font-weight: 400;\"> Ma Pani\/Pan prawo dost\u0119pu do swoich danych osobowych, ich sprostowania, usuni\u0119cia lub ograniczenia przetwarzania.<\/span><\/li><li><span style=\"font-weight: 400;\"> Ma Pani\/Pan prawo do wniesienia sprzeciwu wobec przetwarzania danych osobowych, je\u015bli s\u0105 przetwarzane na podstawie uzasadnionego interesu.<\/span><\/li><li><span style=\"font-weight: 400;\"> Ma Pani\/Pan prawo do wycofania zgody na przetwarzanie danych osobowych. Skorzystanie z prawa cofni\u0119cia zgody nie ma wp\u0142ywu na przetwarzanie, kt\u00f3re mia\u0142o miejsce do momentu wycofania zgody.<\/span><\/li><li><span style=\"font-weight: 400;\"> W oparciu o dane osobowe Administrator nie b\u0119dzie podejmowa\u0142 zautomatyzowanych decyzji, w tym decyzji b\u0119d\u0105cych wynikiem profilowania.<\/span><\/li><li><span style=\"font-weight: 400;\"> Dane osobowe nie b\u0119d\u0105 przekazywane poza bezpieczny Europejski Obszar Gospodarczy.<\/span><\/li><li><span style=\"font-weight: 400;\"> Ma Pani\/Pan prawo do \u017c\u0105dania, by dane osobowe zosta\u0142y przes\u0142ane przez Administratora bezpo\u015brednio innemu administratorowi, o ile jest to technicznie mo\u017cliwe.<\/span><\/li><li><span style=\"font-weight: 400;\"> Przys\u0142uguje Pani\/Pani prawo wniesienia skargi do Prezesa Urz\u0119du Ochrony Danych Osobowych, gdy uzna Pani\/Pan, \u017ce przetwarzanie Pani\/Pana danych osobowych narusza przepisy Rozporz\u0105dzenia RODO<\/span><\/li><\/ol>\t\t\t\t\t\t<\/div>\n\t\t\t\t<\/div>\n\t\t\t\t\t<\/div>\n\t\t<\/div>\n\t\t\t\t\t\t\t<\/div>\n\t\t<\/section>\n\t\t\t\t\t\t\t<\/div>\n\t\t","protected":false},"excerpt":{"rendered":"<p>Klauzula informacyjna do formularza kontaktowego IQ Dental: \u00a0 W zwi\u0105zku z art. 13 ust. 1 i 2 Rozporz\u0105dzenia Parlamentu Europejskiego i Rady (EU) 2016\/679 z dnia 27 kwietnia 2016 roku w sprawie ochrony os\u00f3b fizycznych w zwi\u0105zku z przetwarzaniem danych osobowych i w sprawie swobodnego przep\u0142ywu takich danych oraz uchylenia dyrektywy 95\/46\/WE (zwane dalej: RODO) [&hellip;]<\/p>\n","protected":false},"author":1,"featured_media":0,"parent":0,"menu_order":0,"comment_status":"closed","ping_status":"closed","template":"elementor_canvas","meta":{"footnotes":""},"class_list":["post-92","page","type-page","status-publish","hentry"],"_links":{"self":[{"href":"https:\/\/twojpieknyusmiech.pl\/index.php\/wp-json\/wp\/v2\/pages\/92","targetHints":{"allow":["GET"]}}],"collection":[{"href":"https:\/\/twojpieknyusmiech.pl\/index.php\/wp-json\/wp\/v2\/pages"}],"about":[{"href":"https:\/\/twojpieknyusmiech.pl\/index.php\/wp-json\/wp\/v2\/types\/page"}],"author":[{"embeddable":true,"href":"https:\/\/twojpieknyusmiech.pl\/index.php\/wp-json\/wp\/v2\/users\/1"}],"replies":[{"embeddable":true,"href":"https:\/\/twojpieknyusmiech.pl\/index.php\/wp-json\/wp\/v2\/comments?post=92"}],"version-history":[{"count":4,"href":"https:\/\/twojpieknyusmiech.pl\/index.php\/wp-json\/wp\/v2\/pages\/92\/revisions"}],"predecessor-version":[{"id":97,"href":"https:\/\/twojpieknyusmiech.pl\/index.php\/wp-json\/wp\/v2\/pages\/92\/revisions\/97"}],"wp:attachment":[{"href":"https:\/\/twojpieknyusmiech.pl\/index.php\/wp-json\/wp\/v2\/media?parent=92"}],"curies":[{"name":"wp","href":"https:\/\/api.w.org\/{rel}","templated":true}]}}